{"id":1142,"date":"2015-07-29T15:10:17","date_gmt":"2015-07-29T14:10:17","guid":{"rendered":"http:\/\/localhost\/fleurette\/?page_id=1142"},"modified":"2026-02-11T08:58:00","modified_gmt":"2026-02-11T07:58:00","slug":"mentions-legales","status":"publish","type":"page","link":"https:\/\/www.fleurette-constructeur.fr\/en\/mentions-legales\/","title":{"rendered":"Mentions l\u00e9gales"},"content":{"rendered":"<div class=\"wpb-content-wrapper\"><p>[vc_row][vc_column][vc_column_text css=&#8221;&#8221;]<\/p>\n<h3>1. Responsables du site internet<\/h3>\n<p><strong>Propri\u00e9t\u00e9 du Site :<\/strong><br \/>\nFleurette SAS<br \/>\nAdresse : Zone Artisanale De La Petite Cambaud, Route de Niort, 85490 Benet<br \/>\nEmail : contact@www.fleurette-constructeur.fr<br \/>\nResponsable publication : Micha\u00ebl Langouet<\/p>\n<p><strong>Site r\u00e9alis\u00e9 par : <\/strong><br \/>\nComwell<br \/>\nAdresse : 18 place Dugast Matifeux, 85600 Montaigu<br \/>\nT\u00e9l\u00e9phone :\u00a002 51 47 79 25<br \/>\nEmail : contact@comwell.fr<br \/>\nWeb :\u00a0<a href=\"https:\/\/www.comwell.fr\" target=\"_blank\" rel=\"noopener noreferrer\">https:\/\/www.comwell.fr<\/a><\/p>\n<p><strong>Site h\u00e9berg\u00e9 par : <\/strong><br \/>\nOVH<br \/>\nAdresse : 2 rue Kellermann, 59100 Roubaix<br \/>\nT\u00e9l\u00e9phone : 1007<br \/>\nWeb : ovh.com<\/p>\n<h3><\/h3>\n<h3>2. Conditions g\u00e9n\u00e9rales d&#8217;utilisation<\/h3>\n<p>Votre utilisation de ce site web induit votre acceptation des conditions g\u00e9n\u00e9rales et mentions d&#8217;avertissement.<\/p>\n<p>Ce site peut contenir des liens vers d&#8217;autres sites web. <strong>Fleurette<\/strong> n&#8217;assume aucune responsabilit\u00e9 sur le contenu des sites autres que ceux faisant partie du domaine\u00a0<strong><a title=\"Fleurette\" href=\"https:\/\/www.fleurette-constructeur.fr\" rel=\"nofollow\">https:\/\/www.fleurette-constructeur.fr<\/a><\/strong>.<\/p>\n<p>L&#8217;ensemble de ce site rel\u00e8ve de la l\u00e9gislation fran\u00e7aise et internationale sur le droit d&#8217;auteur et la propri\u00e9t\u00e9 intellectuelle. Tous les droits de reproduction sont r\u00e9serv\u00e9s, y compris pour les documents t\u00e9l\u00e9chargeables, les repr\u00e9sentations iconographiques et photographiques, ainsi que les contenus r\u00e9dactionnels. Les marques cit\u00e9es appartiennent \u00e0 leurs propri\u00e9taires respectifs.<\/p>\n<p>La reproduction de tout ou partie de ce site sur un support \u00e9lectronique quel qu&#8217;il soit est formellement interdite sauf autorisation expresse du propri\u00e9taire du site internet. Vous vous engagez \u00e0 ne pas utiliser ce site \u00e0 des fins illicites ou interdites par les lois ou par les mentions l\u00e9gales et contractuelles.<\/p>\n<h3><\/h3>\n<h3>3. Respect de la vie priv\u00e9e<\/h3>\n<p>Conform\u00e9ment \u00e0 la loi \u00ab Informatique et Libert\u00e9 \u00bb du 06 Janvier 1978, vous disposez d&#8217;un droit d&#8217;acc\u00e8s et de rectification des donn\u00e9es vous concernant. Pour cela il suffit de nous contacter (en nous indiquant vos coordonn\u00e9es et le cas \u00e9ch\u00e9ant votre n\u00b0 client.).<\/p>\n<h3><\/h3>\n<h3>4. Droit d&#8217;auteur &#8211; Copyright<\/h3>\n<p>Tous les e\u0301le\u0301ments de toute nature (images fixes, images anime\u0301es, photographies, bases de donne\u0301es, marques, illustrations, logos, dessins, mode\u0300les, documents te\u0301le\u0301chargeable, etc) contenus dans le site <strong><a title=\"Fleurette\" href=\"https:\/\/www.fleurette-constructeur.fr\" rel=\"nofollow\">https:\/\/www.fleurette-constructeur.fr<\/a><\/strong> sont prote\u0301ge\u0301s par le droit d&#8217;auteur. A ce titre, sauf autorisation pre\u0301alable et e\u0301crite de <strong>Fleurette<\/strong>, toute reproduction, repre\u0301sentation, adaptation, modification partielle ou inte\u0301grale de tout e\u0301le\u0301ment composant le site, par quelque moyen que ce soit, est interdite sous peine de poursuite judiciaire.<\/p>\n<h3><\/h3>\n<h3>5. Nom et logo<\/h3>\n<p>Il est strictement interdit de reproduire, r\u00e9\u00e9diter ou redistribuer totalement ou partiellement le nom <strong>Fleurette<\/strong> ou son logo, seul ou associ\u00e9 \u00e0 quelque titre que ce soit sans l&#8217;accord \u00e9crit pr\u00e9alable de <strong>Fleurette<\/strong>.<\/p>\n<h3><\/h3>\n<h3>6. Liens hypertextes<\/h3>\n<p>Tout site Internet est autoris\u00e9 \u00e0 \u00e9tablir, sans accord pr\u00e9alable, un lien vers les informations diffus\u00e9es sur le site de <strong>Fleurette<\/strong>. N\u00e9anmoins, les pages et les documents issus de <strong><a title=\"Fleurette\" href=\"https:\/\/www.fleurette-constructeur.fr\" rel=\"nofollow\">https:\/\/www.fleurette-constructeur.fr<\/a><\/strong> ne doivent pas \u00eatre imbriqu\u00e9s \u00e0 l&#8217;int\u00e9rieur des pages d&#8217;un autre site (iframe).<\/p>\n<p>L&#8217;autorisation de mise en place d&#8217;un lien est valable pour tout support, \u00e0 l&#8217;exception de ceux diffusant des informations \u00e0 caract\u00e8re pol\u00e9mique, pornographique, x\u00e9nophobe ou pouvant, dans une plus large mesure, porter atteinte \u00e0 la sensibilit\u00e9 du plus grand nombre.<\/p>\n<p><strong>Fleurette<\/strong> ne peut, en aucun cas, \u00eatre tenu pour responsable des informations diffus\u00e9es sur les sites qui font l&#8217;objet d&#8217;un lien hypertexte \u00e0 partir de\u00a0<strong><a title=\"Fleurette\" href=\"https:\/\/www.fleurette-constructeur.fr\" rel=\"nofollow\">https:\/\/www.fleurette-constructeur.fr<\/a><\/strong><\/p>\n<h3><\/h3>\n<h3>7. Qualit\u00e9 et utilisation des informations<\/h3>\n<p><strong>Fleurette<\/strong> s&#8217;attache \u00e0 diffuser une information fiable, v\u00e9rifi\u00e9e et r\u00e9guli\u00e8rement actualis\u00e9e. En d\u00e9pit des nombreux efforts mis en \u0153uvre pour atteindre cet objectif, des erreurs ou omissions peuvent, tout de m\u00eame, subsister. Il appartient donc \u00e0 l&#8217;internaute, sous sa responsabilit\u00e9 exclusive, d&#8217;utiliser les informations disponibles sur <strong><a title=\"Fleurette\" href=\"https:\/\/www.fleurette-constructeur.fr\" rel=\"nofollow\">https:\/\/www.fleurette-constructeur.fr<\/a><\/strong>\u00a0avec discernement. En cons\u00e9quence, <strong>Fleurette<\/strong> vous recommande de v\u00e9rifier les informations recueillies sur son site, pr\u00e9alablement \u00e0 toute prise de d\u00e9cision quant \u00e0 leur usage.<\/p>\n<h3><\/h3>\n<h3>8. Garanties et responsabilit\u00e9s<\/h3>\n<p>Les informations diffus\u00e9es sur le site de <strong>Fleurette<\/strong> sont fournies sans garantie d&#8217;aucune sorte, autre que celles pr\u00e9vues par la loi en vigueur, et notamment sans garantie que le contenu r\u00e9ponde aux besoins de l&#8217;utilisateur ou \u00e0 l&#8217;usage qu&#8217;il sera amen\u00e9 en faire. L&#8217;utilisateur est seul responsable de toute utilisation qu&#8217;il fera des informations diffus\u00e9es sur\u00a0<strong><a title=\"Fleurette\" href=\"https:\/\/www.fleurette-constructeur.fr\" rel=\"nofollow\">https:\/\/www.fleurette-constructeur.fr<\/a><\/strong>.<\/p>\n<p><strong>Fleurette<\/strong> ne pourra pas \u00eatre tenue responsable des dommages directs ou indirects r\u00e9sultant de l&#8217;usage de son site ou d&#8217;autres sites qui lui sont li\u00e9s, et notamment des \u00e9ventuelles pertes financi\u00e8res ou pr\u00e9judices commerciaux pouvant en r\u00e9sulter.<\/p>\n<h3><\/h3>\n<h3>9.\u00a0Loi applicable<\/h3>\n<p>Les pr\u00e9sentes Conditions G\u00e9n\u00e9rales sont soumises au droit interne fran\u00e7ais. La langue des Conditions G\u00e9n\u00e9rales est la langue fran\u00e7aise. En cas de litige, les tribunaux fran\u00e7ais seront seuls comp\u00e9tents.<\/p>\n<h3><\/h3>\n<h3>10. Qu&#8217;est-ce qu&#8217;un Cookie ?<\/h3>\n<p>Les cookies sont de petits fichiers texte d\u00e9pos\u00e9s sur votre ordinateur\/tablette\/smartphone\/t\u00e9l\u00e9vision connect\u00e9e\/console de jeux vid\u00e9o connect\u00e9s \u00e0 Internet lors de la visite d&#8217;un site. Ils ont pour but de collecter des informations relatives \u00e0 votre navigation et de d\u00e9livrer des statistiques de consultations fiables.<\/p>\n<p>Les cookies sont g\u00e9r\u00e9s par votre navigateur internet.<\/p>\n<h3><\/h3>\n<h3>11. Pourquoi utilisons-nous des Cookies ?<\/h3>\n<p>Ils nous permettent de :<\/p>\n<ul>\n<li>Mesurer l\u2019audience de ce site internet. Ainsi nous pouvons analyser la fr\u00e9quentation et l\u2019utilisation de ce site et am\u00e9liorer constamment nos services et contenus.<\/li>\n<li>M\u00e9moriser vos pr\u00e9f\u00e9rences de navigation telles que votre langue, la taille de la police, la pr\u00e9sentation de la page ou les couleurs pr\u00e9f\u00e9r\u00e9es. Le tout pour vous permettre de parcourir notre site plus rapidement et plus facilement.<\/li>\n<li>Collecter des informations analytiques pour, par exemple, compter le nombre de visiteurs sur nos sites Web et identifier les pages de nos sites que vous visitez le plus souvent. Nous utilisons les donn\u00e9es d\u2019analyse que nous collectons \u00e0 des fins marketing et de planification des ressources.<\/li>\n<\/ul>\n<p>Sachez que nous ne conservons aucune information permettant de vous identifier personnellement dans les donn\u00e9es de nos cookies vous concernant. Nous enregistrons uniquement un identifiant de session unique qui nous aidera \u00e0 retrouver un profil d\u2019utilisateur ainsi que vos pr\u00e9f\u00e9rences lors de votre prochaine visite.<br \/>\nCes donn\u00e9es sont conserv\u00e9es uniquement via Google Analytics pour une dur\u00e9e pr\u00e9vue par le logiciel (allant jusqu&#8217;\u00e0 50 mois).<\/p>\n<h3><\/h3>\n<h3>12. Les diff\u00e9rents types de cookies<\/h3>\n<ul>\n<li>Cookies de session : les cookies de ce type sont temporairement stock\u00e9s sur votre ordinateur ou votre p\u00e9riph\u00e9rique pendant une session de navigation. Ils sont effac\u00e9s de votre ordinateur ou de votre p\u00e9riph\u00e9rique \u00e0 la fin de la session de navigation.<\/li>\n<li>Cookies permanents : les cookies de ce type demeurent plus longtemps sur votre ordinateur. Les cookies permanents nous aident \u00e0 vous reconna\u00eetre lorsque nous devons savoir qui vous \u00eates pour plus d\u2019une session de navigation.<\/li>\n<\/ul>\n<h3><\/h3>\n<h3>13. Comment g\u00e9rer vos cookies<\/h3>\n<p>Le menu de la plupart des navigateurs comporte des options vous permettant de g\u00e9rer vos cookies en r\u00e9glant ou en configurant vos param\u00e8tres de cookies. G\u00e9n\u00e9ralement, le navigateur vous offre la possibilit\u00e9 :<\/p>\n<ul>\n<li>D\u2019afficher vos cookies<\/li>\n<li>D\u2019autoriser les cookies<\/li>\n<li>De d\u00e9sactiver tous les cookies, ou uniquement des cookies pr\u00e9cis<\/li>\n<li>De d\u00e9sactiver tous les cookies lorsque vous fermez votre navigateur<\/li>\n<li>De bloquer les cookies<\/li>\n<li>D\u2019\u00eatre inform\u00e9 lorsque vous recevez un cookie<\/li>\n<\/ul>\n<p>Si vous configurez les options de votre navigateur pour supprimer tous les cookies, vos pr\u00e9f\u00e9rences de navigation seront effac\u00e9es \u00e0 la fermeture de votre navigateur.:<\/p>\n<p>En continuant votre navigation sur notre site, vous vous engagez \u00e0 accepter l\u2019utilisation des cookies.<br \/>\nPour plus d&#8217;informations sur les cookies, visitez <a href=\"http:\/\/www.cnil.fr\/vos-obligations\/sites-web-cookies-et-autres-traceurs\/que-dit-la-loi\/\" target=\"_blank\" rel=\"noopener noreferrer\"> le site de la CNIL.<\/a><\/p>\n<h3>14. Index de l\u2019\u00e9galit\u00e9 professionnelle<\/h3>\n<p>Chaque ann\u00e9e avant le 1<sup>er<\/sup> mars, les entreprises d\u2019au moins 50 salari\u00e9s doivent calculer et publier sur leur site internet leur Index de l\u2019\u00e9galit\u00e9 femmes-hommes. Voici celui de Fleurette Constructeur\u00a0 :<\/p>\n<p><a href=\"https:\/\/www.fleurette-constructeur.fr\/wp-content\/uploads\/2026\/02\/Capture-decran-2026-02-11-084236.png\"><img loading=\"lazy\" decoding=\"async\" class=\"alignnone size-full wp-image-13370\" src=\"https:\/\/www.fleurette-constructeur.fr\/wp-content\/uploads\/2026\/02\/Capture-decran-2026-02-11-084236.png\" alt=\"\" width=\"686\" height=\"211\" srcset=\"https:\/\/www.fleurette-constructeur.fr\/wp-content\/uploads\/2026\/02\/Capture-decran-2026-02-11-084236.png 686w, https:\/\/www.fleurette-constructeur.fr\/wp-content\/uploads\/2026\/02\/Capture-decran-2026-02-11-084236-300x92.png 300w\" sizes=\"auto, (max-width: 686px) 100vw, 686px\" \/><\/a><\/p>\n<p>&nbsp;<\/p>\n<p><a href=\"https:\/\/www.fleurette-constructeur.fr\/wp-content\/uploads\/2026\/02\/Capture-decran-2026-02-11-084345.png\"><img loading=\"lazy\" decoding=\"async\" class=\"alignnone size-full wp-image-13371\" src=\"https:\/\/www.fleurette-constructeur.fr\/wp-content\/uploads\/2026\/02\/Capture-decran-2026-02-11-084345.png\" alt=\"\" width=\"635\" height=\"47\" srcset=\"https:\/\/www.fleurette-constructeur.fr\/wp-content\/uploads\/2026\/02\/Capture-decran-2026-02-11-084345.png 635w, https:\/\/www.fleurette-constructeur.fr\/wp-content\/uploads\/2026\/02\/Capture-decran-2026-02-11-084345-300x22.png 300w\" sizes=\"auto, (max-width: 635px) 100vw, 635px\" \/><\/a><\/p>\n<p><a href=\"https:\/\/www.fleurette-constructeur.fr\/wp-content\/uploads\/2026\/02\/Capture-decran-2026-02-11-084411.png\"><img loading=\"lazy\" decoding=\"async\" class=\"alignnone size-full wp-image-13372\" src=\"https:\/\/www.fleurette-constructeur.fr\/wp-content\/uploads\/2026\/02\/Capture-decran-2026-02-11-084411.png\" alt=\"\" width=\"787\" height=\"108\" srcset=\"https:\/\/www.fleurette-constructeur.fr\/wp-content\/uploads\/2026\/02\/Capture-decran-2026-02-11-084411.png 787w, https:\/\/www.fleurette-constructeur.fr\/wp-content\/uploads\/2026\/02\/Capture-decran-2026-02-11-084411-300x41.png 300w, https:\/\/www.fleurette-constructeur.fr\/wp-content\/uploads\/2026\/02\/Capture-decran-2026-02-11-084411-768x105.png 768w\" sizes=\"auto, (max-width: 787px) 100vw, 787px\" \/><\/a><\/p>\n<figure class=\"wpb_wrapper vc_figure\"><\/figure>\n<p>[\/vc_column_text][\/vc_column][\/vc_row]<\/p>\n<\/div>","protected":false},"excerpt":{"rendered":"<p>[vc_row][vc_column][vc_column_text css=&#8221;&#8221;]<\/p>\n<p> 1. Responsables du site internet <\/p>\n<p><strong>Propri\u00e9t\u00e9 du Site :<\/strong><br \/> Fleurette SAS<br \/> Adresse : Zone Artisanale De La Petite Cambaud, Route de Niort, 85490 Benet<br \/> Email : contact@www.fleurette-constructeur.fr<br \/> Responsable publication : Micha\u00ebl Langouet<\/p>\n<p><strong>Site r\u00e9alis\u00e9 par : <\/strong><br \/> Comwell<br \/> Adresse : 18 place Dugast Matifeux, 85600 Montaigu<br \/> T\u00e9l\u00e9phone :\u00a002 51 47 79 25<br \/> Email : contact@comwell.fr<br \/> Web :\u00a0https:\/\/www.comwell.fr<\/p>\n<p><strong>Site h\u00e9berg\u00e9 par : <\/strong><br \/> OVH<br \/> Adresse : 2 rue Kellermann, 59100 Roubaix<br \/> T\u00e9l\u00e9phone : 1007<br \/> Web : ovh.com<\/p>\n<p> 2. Conditions g\u00e9n\u00e9rales d&#8217;utilisation <\/p>\n<p>Votre utilisation de ce site web induit votre acceptation des conditions g\u00e9n\u00e9rales et mentions d&#8217;avertissement.<\/p>\n<p>Ce site peut contenir des liens vers d&#8217;autres sites web. <strong>Fleurette<\/strong> n&#8217;assume aucune responsabilit\u00e9 sur le contenu des sites autres que ceux faisant partie du domaine\u00a0<strong>https:\/\/www.fleurette-constructeur.fr<\/strong>.<\/p>\n<p>L&#8217;ensemble de ce site rel\u00e8ve de la l\u00e9gislation fran\u00e7aise et internationale sur le droit d&#8217;auteur et la propri\u00e9t\u00e9 intellectuelle. [&#8230;]<\/p>\n","protected":false},"author":6055,"featured_media":0,"parent":0,"menu_order":0,"comment_status":"closed","ping_status":"closed","template":"","meta":{"footnotes":""},"class_list":["post-1142","page","type-page","status-publish","hentry"],"yoast_head":"<!-- This site is optimized with the Yoast SEO plugin v27.5 - https:\/\/yoast.com\/product\/yoast-seo-wordpress\/ -->\n<title>Mentions l\u00e9gales - Fleurette Constructeur<\/title>\n<meta name=\"robots\" content=\"index, follow, max-snippet:-1, max-image-preview:large, max-video-preview:-1\" \/>\n<link rel=\"canonical\" href=\"https:\/\/www.fleurette-constructeur.fr\/mentions-legales\/\" \/>\n<meta property=\"og:locale\" content=\"en_US\" \/>\n<meta property=\"og:type\" content=\"article\" \/>\n<meta property=\"og:title\" content=\"Mentions l\u00e9gales - Fleurette Constructeur\" \/>\n<meta property=\"og:description\" content=\"[vc_row][vc_column][vc_column_text css=&#8221;&#8221;] 1. Responsables du site internet Propri\u00e9t\u00e9 du Site : Fleurette SAS Adresse : Zone Artisanale De La Petite Cambaud, Route de Niort, 85490 Benet Email : contact@www.fleurette-constructeur.fr Responsable publication : Micha\u00ebl Langouet Site r\u00e9alis\u00e9 par : Comwell Adresse : 18 place Dugast Matifeux, 85600 Montaigu T\u00e9l\u00e9phone :\u00a002 51 47 79 25 Email : contact@comwell.fr Web :\u00a0https:\/\/www.comwell.fr Site h\u00e9berg\u00e9 par : OVH Adresse : 2 rue Kellermann, 59100 Roubaix T\u00e9l\u00e9phone : 1007 Web : ovh.com 2. Conditions g\u00e9n\u00e9rales d&#8217;utilisation Votre utilisation de ce site web induit votre acceptation des conditions g\u00e9n\u00e9rales et mentions d&#8217;avertissement. Ce site peut contenir des liens vers d&#8217;autres sites web. Fleurette n&#8217;assume aucune responsabilit\u00e9 sur le contenu des sites autres que ceux faisant partie du domaine\u00a0https:\/\/www.fleurette-constructeur.fr. L&#8217;ensemble de ce site rel\u00e8ve de la l\u00e9gislation fran\u00e7aise et internationale sur le droit d&#8217;auteur et la propri\u00e9t\u00e9 intellectuelle. [...]\" \/>\n<meta property=\"og:url\" content=\"https:\/\/www.fleurette-constructeur.fr\/mentions-legales\/\" \/>\n<meta property=\"og:site_name\" content=\"Fleurette Constructeur\" \/>\n<meta property=\"article:publisher\" content=\"https:\/\/www.facebook.com\/Fleurette-Florium-Motorhomes-229400777088532\/?fref=ts\" \/>\n<meta property=\"article:modified_time\" content=\"2026-02-11T07:58:00+00:00\" \/>\n<meta property=\"og:image\" content=\"https:\/\/www.fleurette-constructeur.fr\/wp-content\/uploads\/2025\/04\/1.png\" \/>\n\t<meta property=\"og:image:width\" content=\"693\" \/>\n\t<meta property=\"og:image:height\" content=\"178\" \/>\n\t<meta property=\"og:image:type\" content=\"image\/png\" \/>\n<meta name=\"twitter:card\" content=\"summary_large_image\" \/>\n<meta name=\"twitter:site\" content=\"@FleuretteCC\" \/>\n<meta name=\"twitter:label1\" content=\"Est. reading time\" \/>\n\t<meta name=\"twitter:data1\" content=\"7 minutes\" \/>\n<script type=\"application\/ld+json\" class=\"yoast-schema-graph\">{\"@context\":\"https:\\\/\\\/schema.org\",\"@graph\":[{\"@type\":\"WebPage\",\"@id\":\"https:\\\/\\\/www.fleurette-constructeur.fr\\\/mentions-legales\\\/\",\"url\":\"https:\\\/\\\/www.fleurette-constructeur.fr\\\/mentions-legales\\\/\",\"name\":\"Mentions l\u00e9gales - Fleurette Constructeur\",\"isPartOf\":{\"@id\":\"https:\\\/\\\/www.fleurette-constructeur.fr\\\/en\\\/#website\"},\"primaryImageOfPage\":{\"@id\":\"https:\\\/\\\/www.fleurette-constructeur.fr\\\/mentions-legales\\\/#primaryimage\"},\"image\":{\"@id\":\"https:\\\/\\\/www.fleurette-constructeur.fr\\\/mentions-legales\\\/#primaryimage\"},\"thumbnailUrl\":\"https:\\\/\\\/www.fleurette-constructeur.fr\\\/wp-content\\\/uploads\\\/2026\\\/02\\\/Capture-decran-2026-02-11-084236.png\",\"datePublished\":\"2015-07-29T14:10:17+00:00\",\"dateModified\":\"2026-02-11T07:58:00+00:00\",\"breadcrumb\":{\"@id\":\"https:\\\/\\\/www.fleurette-constructeur.fr\\\/mentions-legales\\\/#breadcrumb\"},\"inLanguage\":\"en-US\",\"potentialAction\":[{\"@type\":\"ReadAction\",\"target\":[\"https:\\\/\\\/www.fleurette-constructeur.fr\\\/mentions-legales\\\/\"]}]},{\"@type\":\"ImageObject\",\"inLanguage\":\"en-US\",\"@id\":\"https:\\\/\\\/www.fleurette-constructeur.fr\\\/mentions-legales\\\/#primaryimage\",\"url\":\"https:\\\/\\\/www.fleurette-constructeur.fr\\\/wp-content\\\/uploads\\\/2026\\\/02\\\/Capture-decran-2026-02-11-084236.png\",\"contentUrl\":\"https:\\\/\\\/www.fleurette-constructeur.fr\\\/wp-content\\\/uploads\\\/2026\\\/02\\\/Capture-decran-2026-02-11-084236.png\"},{\"@type\":\"BreadcrumbList\",\"@id\":\"https:\\\/\\\/www.fleurette-constructeur.fr\\\/mentions-legales\\\/#breadcrumb\",\"itemListElement\":[{\"@type\":\"ListItem\",\"position\":1,\"name\":\"Home\",\"item\":\"https:\\\/\\\/www.fleurette-constructeur.fr\\\/en\\\/\"},{\"@type\":\"ListItem\",\"position\":2,\"name\":\"Mentions l\u00e9gales\"}]},{\"@type\":\"WebSite\",\"@id\":\"https:\\\/\\\/www.fleurette-constructeur.fr\\\/en\\\/#website\",\"url\":\"https:\\\/\\\/www.fleurette-constructeur.fr\\\/en\\\/\",\"name\":\"Fleurette Constructeur\",\"description\":\"\",\"potentialAction\":[{\"@type\":\"SearchAction\",\"target\":{\"@type\":\"EntryPoint\",\"urlTemplate\":\"https:\\\/\\\/www.fleurette-constructeur.fr\\\/en\\\/?s={search_term_string}\"},\"query-input\":{\"@type\":\"PropertyValueSpecification\",\"valueRequired\":true,\"valueName\":\"search_term_string\"}}],\"inLanguage\":\"en-US\"}]}<\/script>\n<!-- \/ Yoast SEO plugin. -->","yoast_head_json":{"title":"Mentions l\u00e9gales - Fleurette Constructeur","robots":{"index":"index","follow":"follow","max-snippet":"max-snippet:-1","max-image-preview":"max-image-preview:large","max-video-preview":"max-video-preview:-1"},"canonical":"https:\/\/www.fleurette-constructeur.fr\/mentions-legales\/","og_locale":"en_US","og_type":"article","og_title":"Mentions l\u00e9gales - Fleurette Constructeur","og_description":"[vc_row][vc_column][vc_column_text css=&#8221;&#8221;] 1. Responsables du site internet Propri\u00e9t\u00e9 du Site : Fleurette SAS Adresse : Zone Artisanale De La Petite Cambaud, Route de Niort, 85490 Benet Email : contact@www.fleurette-constructeur.fr Responsable publication : Micha\u00ebl Langouet Site r\u00e9alis\u00e9 par : Comwell Adresse : 18 place Dugast Matifeux, 85600 Montaigu T\u00e9l\u00e9phone :\u00a002 51 47 79 25 Email : contact@comwell.fr Web :\u00a0https:\/\/www.comwell.fr Site h\u00e9berg\u00e9 par : OVH Adresse : 2 rue Kellermann, 59100 Roubaix T\u00e9l\u00e9phone : 1007 Web : ovh.com 2. Conditions g\u00e9n\u00e9rales d&#8217;utilisation Votre utilisation de ce site web induit votre acceptation des conditions g\u00e9n\u00e9rales et mentions d&#8217;avertissement. Ce site peut contenir des liens vers d&#8217;autres sites web. Fleurette n&#8217;assume aucune responsabilit\u00e9 sur le contenu des sites autres que ceux faisant partie du domaine\u00a0https:\/\/www.fleurette-constructeur.fr. L&#8217;ensemble de ce site rel\u00e8ve de la l\u00e9gislation fran\u00e7aise et internationale sur le droit d&#8217;auteur et la propri\u00e9t\u00e9 intellectuelle. [...]","og_url":"https:\/\/www.fleurette-constructeur.fr\/mentions-legales\/","og_site_name":"Fleurette Constructeur","article_publisher":"https:\/\/www.facebook.com\/Fleurette-Florium-Motorhomes-229400777088532\/?fref=ts","article_modified_time":"2026-02-11T07:58:00+00:00","og_image":[{"width":693,"height":178,"url":"https:\/\/www.fleurette-constructeur.fr\/wp-content\/uploads\/2025\/04\/1.png","type":"image\/png"}],"twitter_card":"summary_large_image","twitter_site":"@FleuretteCC","twitter_misc":{"Est. reading time":"7 minutes"},"schema":{"@context":"https:\/\/schema.org","@graph":[{"@type":"WebPage","@id":"https:\/\/www.fleurette-constructeur.fr\/mentions-legales\/","url":"https:\/\/www.fleurette-constructeur.fr\/mentions-legales\/","name":"Mentions l\u00e9gales - Fleurette Constructeur","isPartOf":{"@id":"https:\/\/www.fleurette-constructeur.fr\/en\/#website"},"primaryImageOfPage":{"@id":"https:\/\/www.fleurette-constructeur.fr\/mentions-legales\/#primaryimage"},"image":{"@id":"https:\/\/www.fleurette-constructeur.fr\/mentions-legales\/#primaryimage"},"thumbnailUrl":"https:\/\/www.fleurette-constructeur.fr\/wp-content\/uploads\/2026\/02\/Capture-decran-2026-02-11-084236.png","datePublished":"2015-07-29T14:10:17+00:00","dateModified":"2026-02-11T07:58:00+00:00","breadcrumb":{"@id":"https:\/\/www.fleurette-constructeur.fr\/mentions-legales\/#breadcrumb"},"inLanguage":"en-US","potentialAction":[{"@type":"ReadAction","target":["https:\/\/www.fleurette-constructeur.fr\/mentions-legales\/"]}]},{"@type":"ImageObject","inLanguage":"en-US","@id":"https:\/\/www.fleurette-constructeur.fr\/mentions-legales\/#primaryimage","url":"https:\/\/www.fleurette-constructeur.fr\/wp-content\/uploads\/2026\/02\/Capture-decran-2026-02-11-084236.png","contentUrl":"https:\/\/www.fleurette-constructeur.fr\/wp-content\/uploads\/2026\/02\/Capture-decran-2026-02-11-084236.png"},{"@type":"BreadcrumbList","@id":"https:\/\/www.fleurette-constructeur.fr\/mentions-legales\/#breadcrumb","itemListElement":[{"@type":"ListItem","position":1,"name":"Home","item":"https:\/\/www.fleurette-constructeur.fr\/en\/"},{"@type":"ListItem","position":2,"name":"Mentions l\u00e9gales"}]},{"@type":"WebSite","@id":"https:\/\/www.fleurette-constructeur.fr\/en\/#website","url":"https:\/\/www.fleurette-constructeur.fr\/en\/","name":"Fleurette Constructeur","description":"","potentialAction":[{"@type":"SearchAction","target":{"@type":"EntryPoint","urlTemplate":"https:\/\/www.fleurette-constructeur.fr\/en\/?s={search_term_string}"},"query-input":{"@type":"PropertyValueSpecification","valueRequired":true,"valueName":"search_term_string"}}],"inLanguage":"en-US"}]}},"_links":{"self":[{"href":"https:\/\/www.fleurette-constructeur.fr\/en\/wp-json\/wp\/v2\/pages\/1142","targetHints":{"allow":["GET"]}}],"collection":[{"href":"https:\/\/www.fleurette-constructeur.fr\/en\/wp-json\/wp\/v2\/pages"}],"about":[{"href":"https:\/\/www.fleurette-constructeur.fr\/en\/wp-json\/wp\/v2\/types\/page"}],"author":[{"embeddable":true,"href":"https:\/\/www.fleurette-constructeur.fr\/en\/wp-json\/wp\/v2\/users\/6055"}],"replies":[{"embeddable":true,"href":"https:\/\/www.fleurette-constructeur.fr\/en\/wp-json\/wp\/v2\/comments?post=1142"}],"version-history":[{"count":31,"href":"https:\/\/www.fleurette-constructeur.fr\/en\/wp-json\/wp\/v2\/pages\/1142\/revisions"}],"predecessor-version":[{"id":13353,"href":"https:\/\/www.fleurette-constructeur.fr\/en\/wp-json\/wp\/v2\/pages\/1142\/revisions\/13353"}],"wp:attachment":[{"href":"https:\/\/www.fleurette-constructeur.fr\/en\/wp-json\/wp\/v2\/media?parent=1142"}],"curies":[{"name":"wp","href":"https:\/\/api.w.org\/{rel}","templated":true}]}}